{"id":2329,"date":"2023-12-25T10:46:56","date_gmt":"2023-12-25T10:46:56","guid":{"rendered":"https:\/\/onsgenoegen2012.nl\/excurs\/blog\/?page_id=2329"},"modified":"2025-01-01T11:00:24","modified_gmt":"2025-01-01T11:00:24","slug":"2024-2","status":"publish","type":"page","link":"https:\/\/onsgenoegen2012.nl\/excurs\/blog\/2024-2\/","title":{"rendered":"Ter opluistering"},"content":{"rendered":"\n<p class=\"has-accent-1-background-color has-background has-large-font-size\"><strong>Wij wensen iedereen een gezond en gelukkig nieuwjaar. Laat 2025 voor alle mensen een jaar zijn waarin eindelijk iets van vrede valt te bespeuren.<\/strong> <strong>Onderstaand enige levenswijsheden? ter overdenking.<\/strong><\/p>\n\n\n\n<p class=\"has-headings-color has-very-light-gray-to-cyan-bluish-gray-gradient-background has-text-color has-background has-link-color has-large-font-size wp-elements-8ca02bade7ed9899a9f77d4a36d460c2\"><strong>Alles is relatief: &#8220;\u00e9\u00e9n haar op je hoofd is weinig, \u00e9\u00e9n haar in je soep is veel.<\/strong>&#8220;<\/p>\n\n\n\n<p>&#8211;<\/p>\n\n\n\n<figure class=\"wp-block-gallery has-nested-images columns-default is-cropped wp-block-gallery-1 is-layout-flex wp-block-gallery-is-layout-flex\">\n<figure class=\"wp-block-image size-large\"><img loading=\"lazy\" decoding=\"async\" width=\"600\" height=\"550\" data-id=\"2393\" src=\"https:\/\/onsgenoegen2012.nl\/excurs\/blog\/wp-content\/uploads\/2024\/10\/sarcasme-20.jpg\" alt=\"\" class=\"wp-image-2393\" srcset=\"https:\/\/onsgenoegen2012.nl\/excurs\/blog\/wp-content\/uploads\/2024\/10\/sarcasme-20.jpg 600w, https:\/\/onsgenoegen2012.nl\/excurs\/blog\/wp-content\/uploads\/2024\/10\/sarcasme-20-300x275.jpg 300w, https:\/\/onsgenoegen2012.nl\/excurs\/blog\/wp-content\/uploads\/2024\/10\/sarcasme-20-11x10.jpg 11w, https:\/\/onsgenoegen2012.nl\/excurs\/blog\/wp-content\/uploads\/2024\/10\/sarcasme-20-389x357.jpg 389w\" sizes=\"auto, (max-width: 600px) 100vw, 600px\" \/><\/figure>\n\n\n\n<figure class=\"wp-block-image size-large\"><img loading=\"lazy\" decoding=\"async\" width=\"850\" height=\"850\" data-id=\"2391\" src=\"https:\/\/onsgenoegen2012.nl\/excurs\/blog\/wp-content\/uploads\/2024\/10\/sarcasme-23.jpg\" alt=\"\" class=\"wp-image-2391\" srcset=\"https:\/\/onsgenoegen2012.nl\/excurs\/blog\/wp-content\/uploads\/2024\/10\/sarcasme-23.jpg 850w, https:\/\/onsgenoegen2012.nl\/excurs\/blog\/wp-content\/uploads\/2024\/10\/sarcasme-23-300x300.jpg 300w, https:\/\/onsgenoegen2012.nl\/excurs\/blog\/wp-content\/uploads\/2024\/10\/sarcasme-23-150x150.jpg 150w, https:\/\/onsgenoegen2012.nl\/excurs\/blog\/wp-content\/uploads\/2024\/10\/sarcasme-23-768x768.jpg 768w, https:\/\/onsgenoegen2012.nl\/excurs\/blog\/wp-content\/uploads\/2024\/10\/sarcasme-23-10x10.jpg 10w, https:\/\/onsgenoegen2012.nl\/excurs\/blog\/wp-content\/uploads\/2024\/10\/sarcasme-23-389x389.jpg 389w\" sizes=\"auto, (max-width: 850px) 100vw, 850px\" \/><\/figure>\n\n\n\n<figure class=\"wp-block-image size-full\"><img loading=\"lazy\" decoding=\"async\" width=\"843\" height=\"843\" data-id=\"2395\" src=\"https:\/\/onsgenoegen2012.nl\/excurs\/blog\/wp-content\/uploads\/2024\/10\/Sarcasme-17.jpg\" alt=\"\" class=\"wp-image-2395\" srcset=\"https:\/\/onsgenoegen2012.nl\/excurs\/blog\/wp-content\/uploads\/2024\/10\/Sarcasme-17.jpg 843w, https:\/\/onsgenoegen2012.nl\/excurs\/blog\/wp-content\/uploads\/2024\/10\/Sarcasme-17-300x300.jpg 300w, https:\/\/onsgenoegen2012.nl\/excurs\/blog\/wp-content\/uploads\/2024\/10\/Sarcasme-17-150x150.jpg 150w, https:\/\/onsgenoegen2012.nl\/excurs\/blog\/wp-content\/uploads\/2024\/10\/Sarcasme-17-768x768.jpg 768w, https:\/\/onsgenoegen2012.nl\/excurs\/blog\/wp-content\/uploads\/2024\/10\/Sarcasme-17-10x10.jpg 10w, https:\/\/onsgenoegen2012.nl\/excurs\/blog\/wp-content\/uploads\/2024\/10\/Sarcasme-17-389x389.jpg 389w\" sizes=\"auto, (max-width: 843px) 100vw, 843px\" \/><\/figure>\n<\/figure>\n\n\n\n<p>&#8211;<\/p>\n\n\n\n<p>&#8211;<\/p>\n\n\n\n<figure class=\"wp-block-gallery has-nested-images columns-default is-cropped wp-block-gallery-2 is-layout-flex wp-block-gallery-is-layout-flex\">\n<figure class=\"wp-block-image size-large\"><img loading=\"lazy\" decoding=\"async\" width=\"550\" height=\"484\" data-id=\"2389\" src=\"https:\/\/onsgenoegen2012.nl\/excurs\/blog\/wp-content\/uploads\/2024\/10\/sarcasme-25.jpg\" alt=\"\" class=\"wp-image-2389\" srcset=\"https:\/\/onsgenoegen2012.nl\/excurs\/blog\/wp-content\/uploads\/2024\/10\/sarcasme-25.jpg 550w, https:\/\/onsgenoegen2012.nl\/excurs\/blog\/wp-content\/uploads\/2024\/10\/sarcasme-25-300x264.jpg 300w, https:\/\/onsgenoegen2012.nl\/excurs\/blog\/wp-content\/uploads\/2024\/10\/sarcasme-25-11x10.jpg 11w, https:\/\/onsgenoegen2012.nl\/excurs\/blog\/wp-content\/uploads\/2024\/10\/sarcasme-25-389x342.jpg 389w\" sizes=\"auto, (max-width: 550px) 100vw, 550px\" \/><\/figure>\n\n\n\n<figure class=\"wp-block-image size-medium\"><img loading=\"lazy\" decoding=\"async\" width=\"300\" height=\"228\" data-id=\"2390\" src=\"https:\/\/onsgenoegen2012.nl\/excurs\/blog\/wp-content\/uploads\/2024\/10\/sarcasme-24-300x228.jpg\" alt=\"\" class=\"wp-image-2390\" srcset=\"https:\/\/onsgenoegen2012.nl\/excurs\/blog\/wp-content\/uploads\/2024\/10\/sarcasme-24-300x228.jpg 300w, https:\/\/onsgenoegen2012.nl\/excurs\/blog\/wp-content\/uploads\/2024\/10\/sarcasme-24-13x10.jpg 13w, https:\/\/onsgenoegen2012.nl\/excurs\/blog\/wp-content\/uploads\/2024\/10\/sarcasme-24-389x296.jpg 389w, https:\/\/onsgenoegen2012.nl\/excurs\/blog\/wp-content\/uploads\/2024\/10\/sarcasme-24.jpg 736w\" sizes=\"auto, (max-width: 300px) 100vw, 300px\" \/><\/figure>\n<\/figure>\n\n\n\n<p>&#8211;<\/p>\n\n\n\n<figure class=\"wp-block-gallery has-nested-images columns-default is-cropped wp-block-gallery-3 is-layout-flex wp-block-gallery-is-layout-flex\">\n<figure class=\"wp-block-image size-large\"><img loading=\"lazy\" decoding=\"async\" width=\"782\" height=\"1024\" data-id=\"2333\" src=\"https:\/\/onsgenoegen2012.nl\/excurs\/blog\/wp-content\/uploads\/2023\/12\/sarcasme-5-782x1024.jpg\" alt=\"\" class=\"wp-image-2333\" srcset=\"https:\/\/onsgenoegen2012.nl\/excurs\/blog\/wp-content\/uploads\/2023\/12\/sarcasme-5-782x1024.jpg 782w, https:\/\/onsgenoegen2012.nl\/excurs\/blog\/wp-content\/uploads\/2023\/12\/sarcasme-5-229x300.jpg 229w, https:\/\/onsgenoegen2012.nl\/excurs\/blog\/wp-content\/uploads\/2023\/12\/sarcasme-5-768x1006.jpg 768w, https:\/\/onsgenoegen2012.nl\/excurs\/blog\/wp-content\/uploads\/2023\/12\/sarcasme-5-8x10.jpg 8w, https:\/\/onsgenoegen2012.nl\/excurs\/blog\/wp-content\/uploads\/2023\/12\/sarcasme-5-389x509.jpg 389w, https:\/\/onsgenoegen2012.nl\/excurs\/blog\/wp-content\/uploads\/2023\/12\/sarcasme-5.jpg 1038w\" sizes=\"auto, (max-width: 782px) 100vw, 782px\" \/><\/figure>\n\n\n\n<figure class=\"wp-block-image size-large\"><img loading=\"lazy\" decoding=\"async\" width=\"596\" height=\"531\" data-id=\"2334\" src=\"https:\/\/onsgenoegen2012.nl\/excurs\/blog\/wp-content\/uploads\/2023\/12\/sarcasme-4.jpg\" alt=\"\" class=\"wp-image-2334\" srcset=\"https:\/\/onsgenoegen2012.nl\/excurs\/blog\/wp-content\/uploads\/2023\/12\/sarcasme-4.jpg 596w, https:\/\/onsgenoegen2012.nl\/excurs\/blog\/wp-content\/uploads\/2023\/12\/sarcasme-4-300x267.jpg 300w, https:\/\/onsgenoegen2012.nl\/excurs\/blog\/wp-content\/uploads\/2023\/12\/sarcasme-4-11x10.jpg 11w, https:\/\/onsgenoegen2012.nl\/excurs\/blog\/wp-content\/uploads\/2023\/12\/sarcasme-4-389x347.jpg 389w\" sizes=\"auto, (max-width: 596px) 100vw, 596px\" \/><\/figure>\n<\/figure>\n\n\n\n<p>&#8212;<\/p>\n\n\n\n<figure class=\"wp-block-gallery has-nested-images columns-default is-cropped wp-block-gallery-4 is-layout-flex wp-block-gallery-is-layout-flex\">\n<figure class=\"wp-block-image size-large\"><img loading=\"lazy\" decoding=\"async\" width=\"736\" height=\"736\" data-id=\"2331\" src=\"https:\/\/onsgenoegen2012.nl\/excurs\/blog\/wp-content\/uploads\/2023\/12\/Sarcasme-7.jpg\" alt=\"\" class=\"wp-image-2331\" srcset=\"https:\/\/onsgenoegen2012.nl\/excurs\/blog\/wp-content\/uploads\/2023\/12\/Sarcasme-7.jpg 736w, https:\/\/onsgenoegen2012.nl\/excurs\/blog\/wp-content\/uploads\/2023\/12\/Sarcasme-7-300x300.jpg 300w, https:\/\/onsgenoegen2012.nl\/excurs\/blog\/wp-content\/uploads\/2023\/12\/Sarcasme-7-150x150.jpg 150w, https:\/\/onsgenoegen2012.nl\/excurs\/blog\/wp-content\/uploads\/2023\/12\/Sarcasme-7-10x10.jpg 10w, https:\/\/onsgenoegen2012.nl\/excurs\/blog\/wp-content\/uploads\/2023\/12\/Sarcasme-7-389x389.jpg 389w\" sizes=\"auto, (max-width: 736px) 100vw, 736px\" \/><\/figure>\n\n\n\n<figure class=\"wp-block-image size-large\"><img loading=\"lazy\" decoding=\"async\" width=\"610\" height=\"610\" data-id=\"2336\" src=\"https:\/\/onsgenoegen2012.nl\/excurs\/blog\/wp-content\/uploads\/2023\/12\/sarcasme-1.jpg\" alt=\"\" class=\"wp-image-2336\" srcset=\"https:\/\/onsgenoegen2012.nl\/excurs\/blog\/wp-content\/uploads\/2023\/12\/sarcasme-1.jpg 610w, https:\/\/onsgenoegen2012.nl\/excurs\/blog\/wp-content\/uploads\/2023\/12\/sarcasme-1-300x300.jpg 300w, https:\/\/onsgenoegen2012.nl\/excurs\/blog\/wp-content\/uploads\/2023\/12\/sarcasme-1-150x150.jpg 150w, https:\/\/onsgenoegen2012.nl\/excurs\/blog\/wp-content\/uploads\/2023\/12\/sarcasme-1-10x10.jpg 10w, https:\/\/onsgenoegen2012.nl\/excurs\/blog\/wp-content\/uploads\/2023\/12\/sarcasme-1-389x389.jpg 389w\" sizes=\"auto, (max-width: 610px) 100vw, 610px\" \/><\/figure>\n\n\n\n<figure class=\"wp-block-image size-large\"><img loading=\"lazy\" decoding=\"async\" width=\"600\" height=\"550\" data-id=\"2332\" src=\"https:\/\/onsgenoegen2012.nl\/excurs\/blog\/wp-content\/uploads\/2023\/12\/Sarcasme-6.jpg\" alt=\"\" class=\"wp-image-2332\" srcset=\"https:\/\/onsgenoegen2012.nl\/excurs\/blog\/wp-content\/uploads\/2023\/12\/Sarcasme-6.jpg 600w, https:\/\/onsgenoegen2012.nl\/excurs\/blog\/wp-content\/uploads\/2023\/12\/Sarcasme-6-300x275.jpg 300w, https:\/\/onsgenoegen2012.nl\/excurs\/blog\/wp-content\/uploads\/2023\/12\/Sarcasme-6-11x10.jpg 11w, https:\/\/onsgenoegen2012.nl\/excurs\/blog\/wp-content\/uploads\/2023\/12\/Sarcasme-6-389x357.jpg 389w\" sizes=\"auto, (max-width: 600px) 100vw, 600px\" \/><\/figure>\n<\/figure>\n\n\n\n<p>&#8211;<\/p>\n\n\n\n<div class=\"wp-block-media-text is-stacked-on-mobile\"><figure class=\"wp-block-media-text__media\"><img loading=\"lazy\" decoding=\"async\" width=\"261\" height=\"193\" src=\"https:\/\/onsgenoegen2012.nl\/excurs\/blog\/wp-content\/uploads\/2023\/12\/sarcasme-13.jpg\" alt=\"\" class=\"wp-image-2338 size-full\" srcset=\"https:\/\/onsgenoegen2012.nl\/excurs\/blog\/wp-content\/uploads\/2023\/12\/sarcasme-13.jpg 261w, https:\/\/onsgenoegen2012.nl\/excurs\/blog\/wp-content\/uploads\/2023\/12\/sarcasme-13-14x10.jpg 14w\" sizes=\"auto, (max-width: 261px) 100vw, 261px\" \/><\/figure><div class=\"wp-block-media-text__content\">\n<p class=\"has-background has-normal-font-size\" style=\"background-color:#d9d5d5\"><strong>In de meeste huishoudens is het niet nodig hiervoor een compromis te sluiten.<\/strong><\/p>\n<\/div><\/div>\n\n\n\n<p>&#8211;<\/p>\n\n\n\n<figure class=\"wp-block-gallery has-nested-images columns-default is-cropped wp-block-gallery-5 is-layout-flex wp-block-gallery-is-layout-flex\">\n<figure class=\"wp-block-image size-large\"><img loading=\"lazy\" decoding=\"async\" width=\"208\" height=\"242\" data-id=\"2337\" src=\"https:\/\/onsgenoegen2012.nl\/excurs\/blog\/wp-content\/uploads\/2023\/12\/sarcasme-14.jpg\" alt=\"\" class=\"wp-image-2337\" srcset=\"https:\/\/onsgenoegen2012.nl\/excurs\/blog\/wp-content\/uploads\/2023\/12\/sarcasme-14.jpg 208w, https:\/\/onsgenoegen2012.nl\/excurs\/blog\/wp-content\/uploads\/2023\/12\/sarcasme-14-9x10.jpg 9w\" sizes=\"auto, (max-width: 208px) 100vw, 208px\" \/><\/figure>\n\n\n\n<figure class=\"wp-block-image size-large\"><img loading=\"lazy\" decoding=\"async\" width=\"236\" height=\"236\" data-id=\"2342\" src=\"https:\/\/onsgenoegen2012.nl\/excurs\/blog\/wp-content\/uploads\/2023\/12\/sarcasme-9.jpg\" alt=\"\" class=\"wp-image-2342\" srcset=\"https:\/\/onsgenoegen2012.nl\/excurs\/blog\/wp-content\/uploads\/2023\/12\/sarcasme-9.jpg 236w, https:\/\/onsgenoegen2012.nl\/excurs\/blog\/wp-content\/uploads\/2023\/12\/sarcasme-9-150x150.jpg 150w, https:\/\/onsgenoegen2012.nl\/excurs\/blog\/wp-content\/uploads\/2023\/12\/sarcasme-9-10x10.jpg 10w\" sizes=\"auto, (max-width: 236px) 100vw, 236px\" \/><\/figure>\n\n\n\n<figure class=\"wp-block-image size-large\"><img loading=\"lazy\" decoding=\"async\" width=\"235\" height=\"235\" data-id=\"2341\" src=\"https:\/\/onsgenoegen2012.nl\/excurs\/blog\/wp-content\/uploads\/2023\/12\/sarcasme-10.jpg\" alt=\"\" class=\"wp-image-2341\" srcset=\"https:\/\/onsgenoegen2012.nl\/excurs\/blog\/wp-content\/uploads\/2023\/12\/sarcasme-10.jpg 235w, https:\/\/onsgenoegen2012.nl\/excurs\/blog\/wp-content\/uploads\/2023\/12\/sarcasme-10-150x150.jpg 150w, https:\/\/onsgenoegen2012.nl\/excurs\/blog\/wp-content\/uploads\/2023\/12\/sarcasme-10-10x10.jpg 10w\" sizes=\"auto, (max-width: 235px) 100vw, 235px\" \/><\/figure>\n<\/figure>\n\n\n\n<p>&#8211;<\/p>\n\n\n\n<figure class=\"wp-block-gallery has-nested-images columns-default is-cropped wp-block-gallery-6 is-layout-flex wp-block-gallery-is-layout-flex\">\n<figure class=\"wp-block-image size-large\"><img loading=\"lazy\" decoding=\"async\" width=\"480\" height=\"480\" data-id=\"2340\" src=\"https:\/\/onsgenoegen2012.nl\/excurs\/blog\/wp-content\/uploads\/2023\/12\/sarcasme-11.jpg\" alt=\"\" class=\"wp-image-2340\" srcset=\"https:\/\/onsgenoegen2012.nl\/excurs\/blog\/wp-content\/uploads\/2023\/12\/sarcasme-11.jpg 480w, https:\/\/onsgenoegen2012.nl\/excurs\/blog\/wp-content\/uploads\/2023\/12\/sarcasme-11-300x300.jpg 300w, https:\/\/onsgenoegen2012.nl\/excurs\/blog\/wp-content\/uploads\/2023\/12\/sarcasme-11-150x150.jpg 150w, https:\/\/onsgenoegen2012.nl\/excurs\/blog\/wp-content\/uploads\/2023\/12\/sarcasme-11-10x10.jpg 10w, https:\/\/onsgenoegen2012.nl\/excurs\/blog\/wp-content\/uploads\/2023\/12\/sarcasme-11-389x389.jpg 389w\" sizes=\"auto, (max-width: 480px) 100vw, 480px\" \/><\/figure>\n\n\n\n<figure class=\"wp-block-image size-large\"><img loading=\"lazy\" decoding=\"async\" width=\"550\" height=\"550\" data-id=\"2343\" src=\"https:\/\/onsgenoegen2012.nl\/excurs\/blog\/wp-content\/uploads\/2023\/12\/sarcasme-8.jpg\" alt=\"\" class=\"wp-image-2343\" srcset=\"https:\/\/onsgenoegen2012.nl\/excurs\/blog\/wp-content\/uploads\/2023\/12\/sarcasme-8.jpg 550w, https:\/\/onsgenoegen2012.nl\/excurs\/blog\/wp-content\/uploads\/2023\/12\/sarcasme-8-300x300.jpg 300w, https:\/\/onsgenoegen2012.nl\/excurs\/blog\/wp-content\/uploads\/2023\/12\/sarcasme-8-150x150.jpg 150w, https:\/\/onsgenoegen2012.nl\/excurs\/blog\/wp-content\/uploads\/2023\/12\/sarcasme-8-10x10.jpg 10w, https:\/\/onsgenoegen2012.nl\/excurs\/blog\/wp-content\/uploads\/2023\/12\/sarcasme-8-389x389.jpg 389w\" sizes=\"auto, (max-width: 550px) 100vw, 550px\" \/><\/figure>\n<\/figure>\n","protected":false},"excerpt":{"rendered":"<p>Wij wensen iedereen een gezond en gelukkig nieuwjaar. Laat 2025 voor alle mensen een jaar zijn waarin eindelijk iets van vrede valt te bespeuren. Onderstaand &hellip;<\/p>\n","protected":false},"author":1,"featured_media":0,"parent":0,"menu_order":0,"comment_status":"closed","ping_status":"closed","template":"","meta":{"footnotes":""},"class_list":["post-2329","page","type-page","status-publish","hentry"],"_links":{"self":[{"href":"https:\/\/onsgenoegen2012.nl\/excurs\/blog\/wp-json\/wp\/v2\/pages\/2329","targetHints":{"allow":["GET"]}}],"collection":[{"href":"https:\/\/onsgenoegen2012.nl\/excurs\/blog\/wp-json\/wp\/v2\/pages"}],"about":[{"href":"https:\/\/onsgenoegen2012.nl\/excurs\/blog\/wp-json\/wp\/v2\/types\/page"}],"author":[{"embeddable":true,"href":"https:\/\/onsgenoegen2012.nl\/excurs\/blog\/wp-json\/wp\/v2\/users\/1"}],"replies":[{"embeddable":true,"href":"https:\/\/onsgenoegen2012.nl\/excurs\/blog\/wp-json\/wp\/v2\/comments?post=2329"}],"version-history":[{"count":12,"href":"https:\/\/onsgenoegen2012.nl\/excurs\/blog\/wp-json\/wp\/v2\/pages\/2329\/revisions"}],"predecessor-version":[{"id":2435,"href":"https:\/\/onsgenoegen2012.nl\/excurs\/blog\/wp-json\/wp\/v2\/pages\/2329\/revisions\/2435"}],"wp:attachment":[{"href":"https:\/\/onsgenoegen2012.nl\/excurs\/blog\/wp-json\/wp\/v2\/media?parent=2329"}],"curies":[{"name":"wp","href":"https:\/\/api.w.org\/{rel}","templated":true}]}}